{"id":3,"date":"2021-06-01T09:37:46","date_gmt":"2021-06-01T07:37:46","guid":{"rendered":"http:\/\/neu.mistory.ch\/?page_id=3"},"modified":"2023-08-24T10:45:22","modified_gmt":"2023-08-24T08:45:22","slug":"datenschutzerklaerung","status":"publish","type":"page","link":"https:\/\/www.radiata.ch\/fr\/datenschutzerklaerung\/","title":{"rendered":"D\u00e9claration de confidentialit\u00e9"},"content":{"rendered":"<div class=\"fusion-fullwidth fullwidth-box fusion-builder-row-1 fusion-flex-container nonhundred-percent-fullwidth non-hundred-percent-height-scrolling\" style=\"--awb-border-radius-top-left:0px;--awb-border-radius-top-right:0px;--awb-border-radius-bottom-right:0px;--awb-border-radius-bottom-left:0px;--awb-flex-wrap:wrap;\" ><div class=\"fusion-builder-row fusion-row fusion-flex-align-items-flex-start fusion-flex-content-wrap\" style=\"max-width:1216.8px;margin-left: calc(-4% \/ 2 );margin-right: calc(-4% \/ 2 );\"><div class=\"fusion-layout-column fusion_builder_column fusion-builder-column-0 fusion_builder_column_1_1 1_1 fusion-flex-column\" style=\"--awb-bg-size:cover;--awb-width-large:100%;--awb-margin-top-large:0px;--awb-spacing-right-large:1.92%;--awb-margin-bottom-large:0px;--awb-spacing-left-large:1.92%;--awb-width-medium:100%;--awb-spacing-right-medium:1.92%;--awb-spacing-left-medium:1.92%;--awb-width-small:100%;--awb-spacing-right-small:1.92%;--awb-spacing-left-small:1.92%;\"><div class=\"fusion-column-wrapper fusion-flex-justify-content-flex-start fusion-content-layout-column\"><div class=\"fusion-text fusion-text-1\"><p>Steve Stoll<br \/>Schachenmattli 1<br \/>6436 Muotathal<br \/>Suisse<br \/><strong>Courrier \u00e9lectronique<\/strong>: info@radiata.ch<br \/><strong>Personne charg\u00e9e de la protection des donn\u00e9es :<\/strong><\/p>\n<p>Steve Stoll<br \/>info@radiata.ch.<br \/>info@radiata.ch.<\/p>\n<p><strong>G\u00e9n\u00e9ralit\u00e9s \/ Introduction<\/strong><br \/>En vertu de l'article 13 de la Constitution f\u00e9d\u00e9rale suisse et des dispositions f\u00e9d\u00e9rales relatives \u00e0 la protection des donn\u00e9es (loi sur la protection des donn\u00e9es, LPD), toute personne a droit \u00e0 la protection de sa sph\u00e8re priv\u00e9e ainsi qu'\u00e0 la protection contre l'emploi abusif de ses donn\u00e9es personnelles. Les exploitants de ces pages prennent la protection de vos donn\u00e9es personnelles tr\u00e8s au s\u00e9rieux. Nous traitons vos donn\u00e9es personnelles de mani\u00e8re confidentielle et conform\u00e9ment aux dispositions l\u00e9gales en mati\u00e8re de protection des donn\u00e9es ainsi qu'\u00e0 la pr\u00e9sente d\u00e9claration de protection des donn\u00e9es.<\/p>\n<p>En collaboration avec nos fournisseurs d'h\u00e9bergement, nous nous effor\u00e7ons de prot\u00e9ger autant que possible les bases de donn\u00e9es contre tout acc\u00e8s non autoris\u00e9, toute perte, tout abus ou toute falsification.<\/p>\n<p>Nous attirons votre attention sur le fait que la transmission de donn\u00e9es sur Internet (p. ex. lors de la communication par e-mail) peut pr\u00e9senter des failles de s\u00e9curit\u00e9. Une protection compl\u00e8te des donn\u00e9es contre l'acc\u00e8s par des tiers n'est pas possible.<\/p>\n<p>En utilisant ce site web, vous acceptez la collecte, le traitement et l'utilisation de donn\u00e9es conform\u00e9ment \u00e0 la description ci-dessous. Ce site web peut en principe \u00eatre visit\u00e9 sans enregistrement. Les donn\u00e9es telles que les pages consult\u00e9es ou les noms des fichiers appel\u00e9s, la date et l'heure sont enregistr\u00e9es sur le serveur \u00e0 des fins statistiques, sans que ces donn\u00e9es soient directement li\u00e9es \u00e0 votre personne. Dans la mesure o\u00f9 des donn\u00e9es personnelles (par exemple nom, adresse ou adresses e-mail) sont collect\u00e9es sur nos pages, cela se fait toujours, dans la mesure du possible, sur une base volontaire. Ces donn\u00e9es ne sont pas transmises \u00e0 des tiers sans votre accord explicite.<\/p>\n<p><strong>Traitement des donn\u00e9es \u00e0 caract\u00e8re personnel<\/strong><br \/>Les donn\u00e9es \u00e0 caract\u00e8re personnel sont toutes les informations qui se rapportent \u00e0 une personne identifi\u00e9e ou identifiable. Une personne concern\u00e9e est une personne au sujet de laquelle des donn\u00e9es \u00e0 caract\u00e8re personnel sont trait\u00e9es. Le traitement comprend toute op\u00e9ration portant sur des donn\u00e9es \u00e0 caract\u00e8re personnel, quels que soient les moyens et les proc\u00e9dures utilis\u00e9s, notamment l'enregistrement, la communication, l'obtention, l'effacement, la conservation, la modification, la destruction et l'utilisation de donn\u00e9es \u00e0 caract\u00e8re personnel.<\/p>\n<p>Nous traitons les donn\u00e9es \u00e0 caract\u00e8re personnel conform\u00e9ment \u00e0 la l\u00e9gislation suisse en mati\u00e8re de protection des donn\u00e9es. Si et dans la mesure o\u00f9 le RGPD de l'UE est applicable, nous traitons en outre les donn\u00e9es \u00e0 caract\u00e8re personnel sur les bases juridiques suivantes en relation avec l'art. 6 (1) du RGPD :<br \/>lit. a) Traitement des donn\u00e9es \u00e0 caract\u00e8re personnel avec le consentement de la personne concern\u00e9e.<br \/>let. b) traitement des donn\u00e9es \u00e0 caract\u00e8re personnel en vue de l'ex\u00e9cution d'un contrat avec la personne concern\u00e9e ainsi que de l'ex\u00e9cution de mesures pr\u00e9contractuelles correspondantes.<br \/>lit. c) traitement des donn\u00e9es \u00e0 caract\u00e8re personnel pour satisfaire \u00e0 une obligation l\u00e9gale \u00e0 laquelle nous sommes soumis en vertu du droit en vigueur dans l'UE ou du droit en vigueur dans un pays o\u00f9 le GDPR est applicable en tout ou en partie.<br \/>let. d) traitement de donn\u00e9es \u00e0 caract\u00e8re personnel visant \u00e0 sauvegarder les int\u00e9r\u00eats vitaux de la personne concern\u00e9e ou d'une autre personne physique.<br \/>let. f) traitement des donn\u00e9es \u00e0 caract\u00e8re personnel afin de sauvegarder nos int\u00e9r\u00eats l\u00e9gitimes ou ceux de tiers, dans la mesure o\u00f9 les libert\u00e9s fondamentales et les droits et int\u00e9r\u00eats de la personne concern\u00e9e ne pr\u00e9valent pas. Parmi les int\u00e9r\u00eats l\u00e9gitimes figurent notamment notre int\u00e9r\u00eat commercial \u00e0 pouvoir mettre notre site web \u00e0 disposition, la s\u00e9curit\u00e9 des informations, l'application de nos propres droits juridiques et le respect du droit suisse.<\/p>\n<p>Nous traitons les donn\u00e9es \u00e0 caract\u00e8re personnel pendant la dur\u00e9e n\u00e9cessaire \u00e0 la ou aux finalit\u00e9s concern\u00e9es. En cas d'obligation de conservation \u00e0 plus long terme en raison d'obligations l\u00e9gales ou autres auxquelles nous sommes soumis, nous limitons le traitement en cons\u00e9quence.<\/p>\n<p><strong>Cookies<\/strong><br \/>Ce site web utilise des cookies. Il s'agit de petits fichiers texte qui permettent de stocker des informations sp\u00e9cifiques \u00e0 l'utilisateur sur son terminal pendant qu'il utilise le site. Les cookies permettent notamment de d\u00e9terminer la fr\u00e9quence d'utilisation et le nombre d'utilisateurs des pages, d'analyser les mod\u00e8les de comportement de l'utilisation des pages, mais aussi de concevoir notre offre de mani\u00e8re plus conviviale. Les cookies restent enregistr\u00e9s au-del\u00e0 de la fin d'une session de navigation et peuvent \u00eatre r\u00e9cup\u00e9r\u00e9s lors d'une nouvelle visite du site. Si vous ne le souhaitez pas, vous devez configurer votre navigateur Internet de mani\u00e8re \u00e0 ce qu'il refuse les cookies.<\/p>\n<p>Une opposition g\u00e9n\u00e9rale \u00e0 l'utilisation de cookies \u00e0 des fins de marketing en ligne peut \u00eatre d\u00e9clar\u00e9e pour un grand nombre de services, en particulier pour le suivi, via le site am\u00e9ricain http:\/\/www.aboutads.info\/choices\/ ou le site de l'UE http:\/\/www.youronlinechoices.com\/. En outre, l'enregistrement des cookies peut \u00eatre obtenu en les d\u00e9sactivant dans les param\u00e8tres du navigateur. Veuillez noter que dans ce cas, toutes les fonctions de cette offre en ligne ne pourront pas \u00eatre utilis\u00e9es.<\/p>\n<p><strong>Avec cryptage SSL\/TLS<\/strong><br \/>Pour des raisons de s\u00e9curit\u00e9 et pour prot\u00e9ger la transmission de contenus confidentiels, tels que les demandes que vous nous envoyez en tant qu'exploitant du site, ce site utilise un cryptage SSL\/TLS. Vous reconnaissez une connexion crypt\u00e9e au fait que la ligne d'adresse du navigateur passe de \"http:\/\/\" \u00e0 \"https:\/\/\" et au symbole du cadenas dans la ligne de votre navigateur.<\/p>\n<p>Si le cryptage SSL ou TLS est activ\u00e9, les donn\u00e9es que vous nous transmettez ne peuvent pas \u00eatre lues par des tiers.<\/p>\n<p><strong>Fichiers journaux du serveur<\/strong><br \/>Le fournisseur de ce site web collecte et enregistre automatiquement des informations dans ce que l'on appelle des fichiers journaux du serveur, que votre navigateur nous transmet automatiquement. Il s'agit de<br \/>Type et version du navigateur<br \/>Syst\u00e8me d'exploitation utilis\u00e9<br \/>URL de r\u00e9f\u00e9rence<br \/>nom d'h\u00f4te de l'ordinateur qui acc\u00e8de au site<br \/>Heure de la demande du serveur<\/p>\n<p>Ces donn\u00e9es ne peuvent pas \u00eatre attribu\u00e9es \u00e0 des personnes pr\u00e9cises. Nous ne proc\u00e9dons pas \u00e0 un regroupement de ces donn\u00e9es avec d'autres sources de donn\u00e9es. Nous nous r\u00e9servons le droit de v\u00e9rifier ces donn\u00e9es ult\u00e9rieurement si nous avons connaissance d'indices concrets d'une utilisation ill\u00e9gale.<\/p>\n<p><strong>Formulaire de contact<\/strong><br \/>Si vous nous faites parvenir des demandes par le biais du formulaire de contact, les informations que vous avez fournies dans le formulaire de demande, y compris les donn\u00e9es de contact que vous y avez indiqu\u00e9es, sont enregistr\u00e9es chez nous \u00e0 des fins de traitement de la demande et en cas de questions de suivi. Nous ne transmettons pas ces donn\u00e9es sans votre consentement.<\/p>\n<p><strong>Droits d'auteur<\/strong><br \/>Les droits d'auteur et tous les autres droits li\u00e9s aux contenus, images, photos ou autres fichiers pr\u00e9sents sur le site web appartiennent exclusivement \u00e0 l'exploitant de ce site web ou aux d\u00e9tenteurs de droits nomm\u00e9ment cit\u00e9s. Pour la reproduction de tous les fichiers, l'autorisation \u00e9crite des d\u00e9tenteurs des droits d'auteur doit \u00eatre obtenue au pr\u00e9alable.<br \/>Toute personne qui commet une infraction aux droits d'auteur sans l'autorisation des titulaires de droits d'auteur concern\u00e9s peut \u00eatre punie et, dans certaines circonstances, faire valoir des droits \u00e0 des dommages et int\u00e9r\u00eats.<\/p>\n<p><strong>Clause de non-responsabilit\u00e9<\/strong><br \/>Toutes les informations figurant sur notre site web ont \u00e9t\u00e9 soigneusement v\u00e9rifi\u00e9es. Nous nous effor\u00e7ons de veiller \u00e0 ce que les informations que nous mettons \u00e0 disposition soient actuelles, correctes et compl\u00e8tes. Toutefois, l'apparition d'erreurs ne peut pas \u00eatre totalement exclue, de sorte que nous ne pouvons pas garantir l'exhaustivit\u00e9, l'exactitude et l'actualit\u00e9 des informations, m\u00eame de nature journalistique et r\u00e9dactionnelle. Toute pr\u00e9tention en responsabilit\u00e9 se rapportant \u00e0 des dommages mat\u00e9riels ou immat\u00e9riels caus\u00e9s par l'utilisation ou la non-utilisation des informations pr\u00e9sent\u00e9es ou par l'utilisation d'informations erron\u00e9es ou incompl\u00e8tes est fondamentalement exclue.<br \/>L'\u00e9diteur peut modifier ou supprimer des textes \u00e0 sa seule discr\u00e9tion et sans pr\u00e9avis et n'est pas tenu de mettre \u00e0 jour le contenu de ce site. L'utilisation de ce site web ou l'acc\u00e8s \u00e0 celui-ci se fait aux risques et p\u00e9rils du visiteur. L'\u00e9diteur, ses clients ou partenaires ne sont pas responsables des dommages, tels que les dommages directs, indirects, accidentels ou cons\u00e9cutifs, pr\u00e9tendument caus\u00e9s par la visite de ce site web et n'assument par cons\u00e9quent aucune responsabilit\u00e9 pour de tels dommages.<br \/>L'\u00e9diteur d\u00e9cline \u00e9galement toute responsabilit\u00e9 ou obligation quant au contenu et \u00e0 la disponibilit\u00e9 des sites web de tiers accessibles par des liens externes \u00e0 partir de ce site web. Seuls les exploitants de ces sites sont responsables de leur contenu. L'\u00e9diteur se distancie donc express\u00e9ment de tous les contenus \u00e9trangers qui pourraient \u00e9ventuellement relever du droit p\u00e9nal ou de la responsabilit\u00e9 civile ou qui pourraient \u00eatre contraires aux bonnes m\u0153urs.<\/p>\n<p><strong>Google Maps<\/strong><br \/>Ce site web utilise l'offre de Google Maps. Cela nous permet d'afficher des cartes interactives directement sur le site web et de vous permettre d'utiliser confortablement la fonction de carte. En visitant le site web, Google re\u00e7oit l'information que vous avez consult\u00e9 la sous-page correspondante de notre site web. Cela se produit ind\u00e9pendamment du fait que Google mette \u00e0 disposition un compte d'utilisateur par lequel vous \u00eates connect\u00e9 ou qu'il n'y ait pas de compte d'utilisateur. Si vous \u00eates connect\u00e9 \u00e0 Google, vos donn\u00e9es sont directement attribu\u00e9es \u00e0 votre compte. Si vous ne souhaitez pas que votre profil soit associ\u00e9 \u00e0 Google, vous devez vous d\u00e9connecter avant d'activer le bouton. Google enregistre vos donn\u00e9es en tant que profils d'utilisation et les utilise \u00e0 des fins de publicit\u00e9, d'\u00e9tude de march\u00e9 et\/ou de conception de son site Web en fonction des besoins. Une telle \u00e9valuation a lieu en particulier (\u00e9galement pour les utilisateurs non connect\u00e9s) pour fournir une publicit\u00e9 adapt\u00e9e aux besoins et pour informer d'autres utilisateurs du r\u00e9seau social de vos activit\u00e9s sur notre site web. Vous avez le droit de vous opposer \u00e0 la cr\u00e9ation de ces profils d'utilisateurs, sachant que vous devez vous adresser \u00e0 Google pour exercer ce droit. Vous trouverez de plus amples informations sur l'objectif et l'\u00e9tendue de la collecte et du traitement des donn\u00e9es par Google ainsi que sur vos droits en la mati\u00e8re et les possibilit\u00e9s de param\u00e9trage pour prot\u00e9ger votre vie priv\u00e9e \u00e0 l'adresse suivante : www.google.de\/intl\/de\/policies\/privacy.<\/p>\n<p><strong>Google reCAPTCHA<\/strong><br \/>Ce site utilise le service reCAPTCHA de Google Ireland Limited (Gordon House, Barrow Street Dublin 4, Irlande \"Google\"). La requ\u00eate sert \u00e0 distinguer si la saisie est effectu\u00e9e par un \u00eatre humain ou par un traitement automatis\u00e9 et m\u00e9canique. La requ\u00eate implique la transmission \u00e0 Google de l'adresse IP et, le cas \u00e9ch\u00e9ant, d'autres donn\u00e9es requises par Google pour le service reCAPTCHA. \u00c0 cette fin, votre saisie est transmise \u00e0 Google et y est utilis\u00e9e. Votre adresse IP sera toutefois abr\u00e9g\u00e9e au pr\u00e9alable par Google dans les \u00c9tats membres de l'Union europ\u00e9enne ou dans d'autres \u00c9tats signataires de l'accord sur l'Espace \u00e9conomique europ\u00e9en. Ce n'est que dans des cas exceptionnels que l'adresse IP compl\u00e8te est transmise \u00e0 un serveur de Google aux \u00c9tats-Unis et y est abr\u00e9g\u00e9e. Google utilisera ces informations pour le compte de l'exploitant de ce site web afin d'\u00e9valuer votre utilisation de ce service. L'adresse IP transmise par votre navigateur dans le cadre de reCaptcha ne sera pas recoup\u00e9e avec d'autres donn\u00e9es de Google. Vos donn\u00e9es peuvent alors \u00e9galement \u00eatre transmises aux \u00c9tats-Unis. Pour les transferts de donn\u00e9es vers les \u00c9tats-Unis, il existe une d\u00e9cision d'ad\u00e9quation de la Commission europ\u00e9enne, le \"Privacy Shield\". Google participe au \"Privacy Shield\" et s'est soumis \u00e0 ses exigences. En cliquant sur la demande, vous acceptez le traitement de vos donn\u00e9es. Le traitement est effectu\u00e9 sur la base de l'art. 6 (1) lettre a du RGPD avec votre consentement. Vous pouvez r\u00e9voquer votre consentement \u00e0 tout moment, sans que la l\u00e9gitimit\u00e9 du traitement effectu\u00e9 sur la base du consentement jusqu'\u00e0 la r\u00e9vocation n'en soit affect\u00e9e.<br \/>Pour plus d'informations sur Google reCAPTCHA et ses r\u00e8gles de confidentialit\u00e9, veuillez consulter : https:\/\/policies.google.com\/privacy?hl=de<\/p>\n<p><strong>Google Analytics<\/strong><br \/>Ce site web utilise Google Analytics, un service d'analyse web fourni par Google Ireland Limited. Si le responsable du traitement des donn\u00e9es sur ce site web se trouve en dehors de l'Espace \u00e9conomique europ\u00e9en ou de la Suisse, le traitement des donn\u00e9es de Google Analytics est effectu\u00e9 par Google LLC. Google LLC et Google Ireland Limited sont d\u00e9sign\u00e9s ci-apr\u00e8s par le terme \"Google\".<br \/>Les statistiques obtenues nous permettent d'am\u00e9liorer notre offre et de la rendre plus int\u00e9ressante pour vous en tant qu'utilisateur. Ce site utilise \u00e9galement Google Analytics pour une analyse des flux de visiteurs sur tous les appareils, via un identifiant d'utilisateur. Si vous disposez d'un compte d'utilisateur Google, vous pouvez d\u00e9sactiver l'analyse de votre utilisation sur plusieurs appareils dans les param\u00e8tres de ce compte sous \"Mes donn\u00e9es\", \"Donn\u00e9es personnelles\".<br \/>La base juridique de l'utilisation de Google Analytics est l'article 6, paragraphe 1, phrase 1, point f du RGPD. L'adresse IP transmise par votre navigateur dans le cadre de Google Analytics n'est pas recoup\u00e9e avec d'autres donn\u00e9es de Google. Nous attirons votre attention sur le fait que sur ce site Internet, Google Analytics a \u00e9t\u00e9 compl\u00e9t\u00e9 par le code \"_anonymizeIp() ;\" afin de garantir une saisie anonyme des adresses IP. Cela signifie que les adresses IP sont trait\u00e9es sous une forme abr\u00e9g\u00e9e, de sorte qu'elles ne peuvent pas \u00eatre associ\u00e9es \u00e0 une personne sp\u00e9cifique. Si les donn\u00e9es collect\u00e9es \u00e0 votre sujet devaient \u00eatre attribu\u00e9es \u00e0 une personne, cela serait imm\u00e9diatement exclu et les donn\u00e9es personnelles seraient imm\u00e9diatement supprim\u00e9es.<br \/>Dans des cas exceptionnels, l'adresse IP compl\u00e8te est transmise \u00e0 un serveur de Google aux \u00c9tats-Unis et y est raccourcie. Google utilisera ces informations pour le compte de l'exploitant de ce site web afin d'\u00e9valuer votre utilisation du site web, de compiler des rapports sur les activit\u00e9s du site web et de fournir \u00e0 l'exploitant du site web d'autres services li\u00e9s \u00e0 l'utilisation du site web et d'Internet. Pour les cas exceptionnels o\u00f9 les donn\u00e9es personnelles sont transf\u00e9r\u00e9es aux \u00c9tats-Unis, Google s'est soumis au Privacy Shield UE-US, https:\/\/www.privacyshield.gov\/EU-US-Framework.<br \/>Google Analytics utilise des cookies. Les informations g\u00e9n\u00e9r\u00e9es par le cookie concernant votre utilisation de ce site web sont g\u00e9n\u00e9ralement transmises \u00e0 un serveur de Google aux \u00c9tats-Unis et y sont enregistr\u00e9es. Vous pouvez emp\u00eacher l'enregistrement des cookies en param\u00e9trant votre logiciel de navigation en cons\u00e9quence ; nous attirons toutefois votre attention sur le fait que, dans ce cas, vous ne pourrez peut-\u00eatre pas utiliser toutes les fonctions de ce site web dans leur int\u00e9gralit\u00e9. Vous pouvez en outre emp\u00eacher la saisie par Google des donn\u00e9es g\u00e9n\u00e9r\u00e9es par le cookie et relatives \u00e0 votre utilisation du site web (y compris votre adresse IP) ainsi que le traitement de ces donn\u00e9es par Google en t\u00e9l\u00e9chargeant et en installant le plug-in de navigateur disponible sous le lien suivant : D\u00e9sactiver Google Analytics.<br \/>En outre, vous pouvez \u00e9galement emp\u00eacher l'utilisation de Google Analytics en cliquant sur ce lien : D\u00e9sactiver Google Analytics. Un cookie opt-out est alors enregistr\u00e9 sur votre support de donn\u00e9es et emp\u00eache le traitement des donn\u00e9es personnelles par Google Analytics. Veuillez noter que si vous supprimez tous les cookies de votre terminal, ces cookies opt-out seront \u00e9galement supprim\u00e9s, c'est-\u00e0-dire que vous devrez \u00e0 nouveau d\u00e9finir les cookies opt-out si vous souhaitez continuer \u00e0 emp\u00eacher cette forme de collecte de donn\u00e9es. Les cookies opt-out sont plac\u00e9s par navigateur et par ordinateur\/terminal et doivent donc \u00eatre activ\u00e9s s\u00e9par\u00e9ment pour chaque navigateur, ordinateur ou autre terminal.<\/p>\n<p><strong>Google WebFonts<\/strong><br \/>Ce site web utilise ce que l'on appelle des polices web, mises \u00e0 disposition par Google, pour l'affichage uniforme des polices. Lorsque vous consultez une page, votre navigateur charge les polices web n\u00e9cessaires dans le cache de son navigateur afin d'afficher correctement les textes et les polices. Si votre navigateur ne prend pas en charge les polices web, une police standard est utilis\u00e9e par votre ordinateur.<br \/>Pour plus d'informations sur Google Web Fonts, veuillez consulter le site https:\/\/developers.google.com\/fonts\/faq et les r\u00e8gles de confidentialit\u00e9 de Google : https:\/\/www.google.com\/policies\/privacy\/<\/p>\n<p><strong>YouTube<\/strong><br \/>Ce site web int\u00e8gre des fonctions du service \"YouTube\". \"YouTube\" est la propri\u00e9t\u00e9 de Google Ireland Limited, une soci\u00e9t\u00e9 de droit irlandais dont le si\u00e8ge est situ\u00e9 \u00e0 Gordon House, Barrow Street, Dublin 4, Irlande, et qui exploite les services dans l'Espace \u00e9conomique europ\u00e9en et en Suisse.<br \/>Votre accord juridique avec \"YouTube\" est constitu\u00e9 des conditions que vous trouverez sur le lien suivant : https:\/\/www.youtube.com\/static?gl=de&amp;template=terms&amp;hl=de. Ces conditions constituent un accord juridiquement contraignant entre vous et \"YouTube\" concernant votre utilisation des services. Les r\u00e8gles de confidentialit\u00e9 de Google expliquent comment \"YouTube\" traite et prot\u00e8ge vos donn\u00e9es personnelles lorsque vous utilisez le service.<\/p>\n<p><strong>Clause de non-responsabilit\u00e9<\/strong><br \/>L'auteur ne garantit pas l'exactitude, la pr\u00e9cision, l'actualit\u00e9, la fiabilit\u00e9 et l'exhaustivit\u00e9 des informations.<br \/>L'auteur ne saurait \u00eatre tenu pour responsable des dommages mat\u00e9riels ou immat\u00e9riels qui pourraient \u00eatre caus\u00e9s par l'acc\u00e8s aux informations diffus\u00e9es ou par leur utilisation ou non-utilisation, par le mauvais usage de la connexion ou par des probl\u00e8mes techniques.<\/p>\n<p>Toutes les offres sont sans engagement. L'auteur se r\u00e9serve express\u00e9ment le droit de modifier, de compl\u00e9ter ou de supprimer des parties de pages ou l'ensemble de l'offre sans avis pr\u00e9alable, ou d'en suspendre temporairement ou d\u00e9finitivement la publication.<\/p>\n<\/div><\/div><\/div><\/div><\/div>","protected":false},"excerpt":{"rendered":"","protected":false},"author":1,"featured_media":0,"parent":0,"menu_order":0,"comment_status":"closed","ping_status":"closed","template":"","meta":{"footnotes":""},"class_list":["post-3","page","type-page","status-publish","hentry"],"_links":{"self":[{"href":"https:\/\/www.radiata.ch\/fr\/wp-json\/wp\/v2\/pages\/3","targetHints":{"allow":["GET"]}}],"collection":[{"href":"https:\/\/www.radiata.ch\/fr\/wp-json\/wp\/v2\/pages"}],"about":[{"href":"https:\/\/www.radiata.ch\/fr\/wp-json\/wp\/v2\/types\/page"}],"author":[{"embeddable":true,"href":"https:\/\/www.radiata.ch\/fr\/wp-json\/wp\/v2\/users\/1"}],"replies":[{"embeddable":true,"href":"https:\/\/www.radiata.ch\/fr\/wp-json\/wp\/v2\/comments?post=3"}],"version-history":[{"count":0,"href":"https:\/\/www.radiata.ch\/fr\/wp-json\/wp\/v2\/pages\/3\/revisions"}],"wp:attachment":[{"href":"https:\/\/www.radiata.ch\/fr\/wp-json\/wp\/v2\/media?parent=3"}],"curies":[{"name":"wp","href":"https:\/\/api.w.org\/{rel}","templated":true}]}}